{"id":387,"date":"2021-02-28T23:05:38","date_gmt":"2021-02-28T23:05:38","guid":{"rendered":"https:\/\/floorsensation.pt\/?post_type=product&#038;p=387"},"modified":"2021-02-28T23:50:50","modified_gmt":"2021-02-28T23:50:50","slug":"totem-truss-com-capa-branca-preta","status":"publish","type":"product","link":"https:\/\/floorsensation.pt\/index.php\/produto\/totem-truss-com-capa-branca-preta\/","title":{"rendered":"TOTEM TRUSS COM CAPA BRANCA\/PRETA"},"content":{"rendered":"<p>[et_pb_section fb_built=&#8221;1&#8243; _builder_version=&#8221;3.22&#8243; custom_padding=&#8221;0px||||false|false&#8221; da_disable_devices=&#8221;off|off|off&#8221; da_is_popup=&#8221;off&#8221; da_exit_intent=&#8221;off&#8221; da_has_close=&#8221;on&#8221; da_alt_close=&#8221;off&#8221; da_dark_close=&#8221;off&#8221; da_not_modal=&#8221;on&#8221; da_is_singular=&#8221;off&#8221; da_with_loader=&#8221;off&#8221; da_has_shadow=&#8221;on&#8221;][et_pb_row _builder_version=&#8221;3.25&#8243; background_size=&#8221;initial&#8221; background_position=&#8221;top_left&#8221; background_repeat=&#8221;repeat&#8221; width=&#8221;100%&#8221; custom_padding=&#8221;0px||0px||false|false&#8221;][et_pb_column type=&#8221;4_4&#8243; _builder_version=&#8221;3.25&#8243; custom_padding=&#8221;|||&#8221; custom_padding__hover=&#8221;|||&#8221;][et_pb_wc_breadcrumb _builder_version=&#8221;4.9.0&#8243; body_font=&#8221;Omega||||||||&#8221; body_text_color=&#8221;#88052f&#8221;][\/et_pb_wc_breadcrumb][et_pb_wc_cart_notice _builder_version=&#8221;4.9.0&#8243; background_color=&#8221;#101d52&#8243; custom_button=&#8221;on&#8221; button_text_color=&#8221;#FFFFFF&#8221; button_bg_color=&#8221;#88052f&#8221; button_border_radius=&#8221;0px&#8221; button_font=&#8221;Omega|600|||||||&#8221;][\/et_pb_wc_cart_notice][\/et_pb_column][\/et_pb_row][et_pb_row column_structure=&#8221;1_3,1_3,1_3&#8243; _builder_version=&#8221;3.25&#8243; background_size=&#8221;initial&#8221; background_position=&#8221;top_left&#8221; background_repeat=&#8221;repeat&#8221; width=&#8221;100%&#8221; custom_padding=&#8221;0px||||false|false&#8221;][et_pb_column type=&#8221;1_3&#8243; _builder_version=&#8221;3.25&#8243; custom_padding=&#8221;|||&#8221; custom_padding__hover=&#8221;|||&#8221;][et_pb_wc_images _builder_version=&#8221;3.0.47&#8243;][\/et_pb_wc_images][\/et_pb_column][et_pb_column type=&#8221;1_3&#8243; _builder_version=&#8221;3.25&#8243; custom_padding=&#8221;|||&#8221; custom_padding__hover=&#8221;|||&#8221;][et_pb_wc_title _builder_version=&#8221;4.9.0&#8243; header_font=&#8221;Omega||||||||&#8221; header_text_color=&#8221;#101d52&#8243;][\/et_pb_wc_title][et_pb_wc_price _builder_version=&#8221;4.9.0&#8243; body_font=&#8221;Omega||||||||&#8221; body_text_color=&#8221;#101d52&#8243;][\/et_pb_wc_price][et_pb_wc_description _builder_version=&#8221;4.9.0&#8243; body_font=&#8221;Omega|900|||||||&#8221; body_text_color=&#8221;#101d52&#8243;][\/et_pb_wc_description][et_pb_wc_add_to_cart _builder_version=&#8221;4.9.0&#8243; body_font=&#8221;Omega|700|||||||&#8221; body_text_color=&#8221;#101d52&#8243; custom_button=&#8221;on&#8221; button_text_color=&#8221;#FFFFFF&#8221; button_bg_color=&#8221;#101d52&#8243; button_border_radius=&#8221;0px&#8221;][\/et_pb_wc_add_to_cart][\/et_pb_column][et_pb_column type=&#8221;1_3&#8243; _builder_version=&#8221;3.25&#8243; custom_padding=&#8221;|||&#8221; custom_padding__hover=&#8221;|||&#8221;][\/et_pb_column][\/et_pb_row][\/et_pb_section]<\/p>\n","protected":false},"excerpt":{"rendered":"<p>Pre\u00e7o sobre consulta<\/p>\n<p>TOTEM TRUSS COM CAPA BRANCA\/PRETA<\/p>\n<p>LUZES DECORATIVAS N\u00c3O INCLUIDAS<\/p>\n","protected":false},"featured_media":388,"template":"","meta":{"_et_pb_use_builder":"on","_et_pb_old_content":"","_et_gb_content_width":""},"product_brand":[],"product_cat":[15],"product_tag":[],"class_list":{"0":"post-387","1":"product","2":"type-product","3":"status-publish","4":"has-post-thumbnail","6":"product_cat-sem-categoria","8":"first","9":"instock","10":"sold-individually","11":"taxable","12":"shipping-taxable","13":"purchasable","14":"product-type-simple"},"yoast_head":"<!-- This site is optimized with the Yoast SEO plugin v27.4 - https:\/\/yoast.com\/product\/yoast-seo-wordpress\/ -->\n<title>TOTEM TRUSS COM CAPA BRANCA\/PRETA - Floor Sensation - Experi\u00eancias e Emo\u00e7\u00f5es para Eventos<\/title>\n<meta name=\"robots\" content=\"index, follow, max-snippet:-1, max-image-preview:large, max-video-preview:-1\" \/>\n<link rel=\"canonical\" href=\"https:\/\/floorsensation.pt\/index.php\/produto\/totem-truss-com-capa-branca-preta\/\" \/>\n<meta property=\"og:locale\" content=\"pt_PT\" \/>\n<meta property=\"og:type\" content=\"article\" \/>\n<meta property=\"og:title\" content=\"TOTEM TRUSS COM CAPA BRANCA\/PRETA - Floor Sensation - Experi\u00eancias e Emo\u00e7\u00f5es para Eventos\" \/>\n<meta property=\"og:description\" content=\"Pre\u00e7o sobre consulta  TOTEM TRUSS COM CAPA BRANCA\/PRETA  LUZES DECORATIVAS N\u00c3O INCLUIDAS\" \/>\n<meta property=\"og:url\" content=\"https:\/\/floorsensation.pt\/index.php\/produto\/totem-truss-com-capa-branca-preta\/\" \/>\n<meta property=\"og:site_name\" content=\"Floor Sensation - Experi\u00eancias e Emo\u00e7\u00f5es para Eventos\" \/>\n<meta property=\"article:modified_time\" content=\"2021-02-28T23:50:50+00:00\" \/>\n<meta property=\"og:image\" content=\"https:\/\/floorsensation.pt\/wp-content\/uploads\/2021\/02\/Totem-Truss-.png\" \/>\n\t<meta property=\"og:image:width\" content=\"320\" \/>\n\t<meta property=\"og:image:height\" content=\"320\" \/>\n\t<meta property=\"og:image:type\" content=\"image\/png\" \/>\n<meta name=\"twitter:card\" content=\"summary_large_image\" \/>\n<meta name=\"twitter:label1\" content=\"Tempo estimado de leitura\" \/>\n\t<meta name=\"twitter:data1\" content=\"2 minutos\" \/>\n<script type=\"application\/ld+json\" class=\"yoast-schema-graph\">{\"@context\":\"https:\\\/\\\/schema.org\",\"@graph\":[{\"@type\":\"WebPage\",\"@id\":\"https:\\\/\\\/floorsensation.pt\\\/index.php\\\/produto\\\/totem-truss-com-capa-branca-preta\\\/\",\"url\":\"https:\\\/\\\/floorsensation.pt\\\/index.php\\\/produto\\\/totem-truss-com-capa-branca-preta\\\/\",\"name\":\"TOTEM TRUSS COM CAPA BRANCA\\\/PRETA - Floor Sensation - Experi\u00eancias e Emo\u00e7\u00f5es para Eventos\",\"isPartOf\":{\"@id\":\"https:\\\/\\\/floorsensation.pt\\\/#website\"},\"primaryImageOfPage\":{\"@id\":\"https:\\\/\\\/floorsensation.pt\\\/index.php\\\/produto\\\/totem-truss-com-capa-branca-preta\\\/#primaryimage\"},\"image\":{\"@id\":\"https:\\\/\\\/floorsensation.pt\\\/index.php\\\/produto\\\/totem-truss-com-capa-branca-preta\\\/#primaryimage\"},\"thumbnailUrl\":\"https:\\\/\\\/floorsensation.pt\\\/wp-content\\\/uploads\\\/2021\\\/02\\\/Totem-Truss-.png\",\"datePublished\":\"2021-02-28T23:05:38+00:00\",\"dateModified\":\"2021-02-28T23:50:50+00:00\",\"breadcrumb\":{\"@id\":\"https:\\\/\\\/floorsensation.pt\\\/index.php\\\/produto\\\/totem-truss-com-capa-branca-preta\\\/#breadcrumb\"},\"inLanguage\":\"pt-PT\",\"potentialAction\":[{\"@type\":\"ReadAction\",\"target\":[\"https:\\\/\\\/floorsensation.pt\\\/index.php\\\/produto\\\/totem-truss-com-capa-branca-preta\\\/\"]}]},{\"@type\":\"ImageObject\",\"inLanguage\":\"pt-PT\",\"@id\":\"https:\\\/\\\/floorsensation.pt\\\/index.php\\\/produto\\\/totem-truss-com-capa-branca-preta\\\/#primaryimage\",\"url\":\"https:\\\/\\\/floorsensation.pt\\\/wp-content\\\/uploads\\\/2021\\\/02\\\/Totem-Truss-.png\",\"contentUrl\":\"https:\\\/\\\/floorsensation.pt\\\/wp-content\\\/uploads\\\/2021\\\/02\\\/Totem-Truss-.png\",\"width\":320,\"height\":320},{\"@type\":\"BreadcrumbList\",\"@id\":\"https:\\\/\\\/floorsensation.pt\\\/index.php\\\/produto\\\/totem-truss-com-capa-branca-preta\\\/#breadcrumb\",\"itemListElement\":[{\"@type\":\"ListItem\",\"position\":1,\"name\":\"In\u00edcio\",\"item\":\"https:\\\/\\\/floorsensation.pt\\\/\"},{\"@type\":\"ListItem\",\"position\":2,\"name\":\"Loja\",\"item\":\"https:\\\/\\\/floorsensation.pt\\\/index.php\\\/loja\\\/\"},{\"@type\":\"ListItem\",\"position\":3,\"name\":\"TOTEM TRUSS COM CAPA BRANCA\\\/PRETA\"}]},{\"@type\":\"WebSite\",\"@id\":\"https:\\\/\\\/floorsensation.pt\\\/#website\",\"url\":\"https:\\\/\\\/floorsensation.pt\\\/\",\"name\":\"Floor Sensation - Experi\u00eancias e Emo\u00e7\u00f5es para Eventos\",\"description\":\"Floor Sensation - Experi\u00eancias e Emo\u00e7\u00f5es para Eventos\",\"potentialAction\":[{\"@type\":\"SearchAction\",\"target\":{\"@type\":\"EntryPoint\",\"urlTemplate\":\"https:\\\/\\\/floorsensation.pt\\\/?s={search_term_string}\"},\"query-input\":{\"@type\":\"PropertyValueSpecification\",\"valueRequired\":true,\"valueName\":\"search_term_string\"}}],\"inLanguage\":\"pt-PT\"}]}<\/script>\n<!-- \/ Yoast SEO plugin. -->","yoast_head_json":{"title":"TOTEM TRUSS COM CAPA BRANCA\/PRETA - Floor Sensation - Experi\u00eancias e Emo\u00e7\u00f5es para Eventos","robots":{"index":"index","follow":"follow","max-snippet":"max-snippet:-1","max-image-preview":"max-image-preview:large","max-video-preview":"max-video-preview:-1"},"canonical":"https:\/\/floorsensation.pt\/index.php\/produto\/totem-truss-com-capa-branca-preta\/","og_locale":"pt_PT","og_type":"article","og_title":"TOTEM TRUSS COM CAPA BRANCA\/PRETA - Floor Sensation - Experi\u00eancias e Emo\u00e7\u00f5es para Eventos","og_description":"Pre\u00e7o sobre consulta  TOTEM TRUSS COM CAPA BRANCA\/PRETA  LUZES DECORATIVAS N\u00c3O INCLUIDAS","og_url":"https:\/\/floorsensation.pt\/index.php\/produto\/totem-truss-com-capa-branca-preta\/","og_site_name":"Floor Sensation - Experi\u00eancias e Emo\u00e7\u00f5es para Eventos","article_modified_time":"2021-02-28T23:50:50+00:00","og_image":[{"width":320,"height":320,"url":"https:\/\/floorsensation.pt\/wp-content\/uploads\/2021\/02\/Totem-Truss-.png","type":"image\/png"}],"twitter_card":"summary_large_image","twitter_misc":{"Tempo estimado de leitura":"2 minutos"},"schema":{"@context":"https:\/\/schema.org","@graph":[{"@type":"WebPage","@id":"https:\/\/floorsensation.pt\/index.php\/produto\/totem-truss-com-capa-branca-preta\/","url":"https:\/\/floorsensation.pt\/index.php\/produto\/totem-truss-com-capa-branca-preta\/","name":"TOTEM TRUSS COM CAPA BRANCA\/PRETA - Floor Sensation - Experi\u00eancias e Emo\u00e7\u00f5es para Eventos","isPartOf":{"@id":"https:\/\/floorsensation.pt\/#website"},"primaryImageOfPage":{"@id":"https:\/\/floorsensation.pt\/index.php\/produto\/totem-truss-com-capa-branca-preta\/#primaryimage"},"image":{"@id":"https:\/\/floorsensation.pt\/index.php\/produto\/totem-truss-com-capa-branca-preta\/#primaryimage"},"thumbnailUrl":"https:\/\/floorsensation.pt\/wp-content\/uploads\/2021\/02\/Totem-Truss-.png","datePublished":"2021-02-28T23:05:38+00:00","dateModified":"2021-02-28T23:50:50+00:00","breadcrumb":{"@id":"https:\/\/floorsensation.pt\/index.php\/produto\/totem-truss-com-capa-branca-preta\/#breadcrumb"},"inLanguage":"pt-PT","potentialAction":[{"@type":"ReadAction","target":["https:\/\/floorsensation.pt\/index.php\/produto\/totem-truss-com-capa-branca-preta\/"]}]},{"@type":"ImageObject","inLanguage":"pt-PT","@id":"https:\/\/floorsensation.pt\/index.php\/produto\/totem-truss-com-capa-branca-preta\/#primaryimage","url":"https:\/\/floorsensation.pt\/wp-content\/uploads\/2021\/02\/Totem-Truss-.png","contentUrl":"https:\/\/floorsensation.pt\/wp-content\/uploads\/2021\/02\/Totem-Truss-.png","width":320,"height":320},{"@type":"BreadcrumbList","@id":"https:\/\/floorsensation.pt\/index.php\/produto\/totem-truss-com-capa-branca-preta\/#breadcrumb","itemListElement":[{"@type":"ListItem","position":1,"name":"In\u00edcio","item":"https:\/\/floorsensation.pt\/"},{"@type":"ListItem","position":2,"name":"Loja","item":"https:\/\/floorsensation.pt\/index.php\/loja\/"},{"@type":"ListItem","position":3,"name":"TOTEM TRUSS COM CAPA BRANCA\/PRETA"}]},{"@type":"WebSite","@id":"https:\/\/floorsensation.pt\/#website","url":"https:\/\/floorsensation.pt\/","name":"Floor Sensation - Experi\u00eancias e Emo\u00e7\u00f5es para Eventos","description":"Floor Sensation - Experi\u00eancias e Emo\u00e7\u00f5es para Eventos","potentialAction":[{"@type":"SearchAction","target":{"@type":"EntryPoint","urlTemplate":"https:\/\/floorsensation.pt\/?s={search_term_string}"},"query-input":{"@type":"PropertyValueSpecification","valueRequired":true,"valueName":"search_term_string"}}],"inLanguage":"pt-PT"}]}},"jetpack_sharing_enabled":true,"_links":{"self":[{"href":"https:\/\/floorsensation.pt\/index.php\/wp-json\/wp\/v2\/product\/387","targetHints":{"allow":["GET"]}}],"collection":[{"href":"https:\/\/floorsensation.pt\/index.php\/wp-json\/wp\/v2\/product"}],"about":[{"href":"https:\/\/floorsensation.pt\/index.php\/wp-json\/wp\/v2\/types\/product"}],"wp:featuredmedia":[{"embeddable":true,"href":"https:\/\/floorsensation.pt\/index.php\/wp-json\/wp\/v2\/media\/388"}],"wp:attachment":[{"href":"https:\/\/floorsensation.pt\/index.php\/wp-json\/wp\/v2\/media?parent=387"}],"wp:term":[{"taxonomy":"product_brand","embeddable":true,"href":"https:\/\/floorsensation.pt\/index.php\/wp-json\/wp\/v2\/product_brand?post=387"},{"taxonomy":"product_cat","embeddable":true,"href":"https:\/\/floorsensation.pt\/index.php\/wp-json\/wp\/v2\/product_cat?post=387"},{"taxonomy":"product_tag","embeddable":true,"href":"https:\/\/floorsensation.pt\/index.php\/wp-json\/wp\/v2\/product_tag?post=387"}],"curies":[{"name":"wp","href":"https:\/\/api.w.org\/{rel}","templated":true}]}}